{"id":290,"date":"2025-09-07T07:43:31","date_gmt":"2025-09-07T05:43:31","guid":{"rendered":"https:\/\/usolar.it\/?page_id=290"},"modified":"2026-04-24T10:05:58","modified_gmt":"2026-04-24T08:05:58","slug":"home","status":"publish","type":"page","link":"https:\/\/usolar.it\/fr\/","title":{"rendered":"Accueil"},"content":{"rendered":"<p class=\"has-black-color has-text-color has-link-color wp-elements-9ac00cf961d1ea846fe5a532228b76c6\"><\/p>\n\n\n\n\n<div class=\"yoast-breadcrumbs\"><span><span><a href=\"https:\/\/usolar.it\/fr\/\">Accueil<\/a><\/span> &gt; <span class=\"breadcrumb_last\" aria-current=\"page\"><strong>Accueil<\/strong><\/span><\/span><\/div>\n\n\n<p><\/p>","protected":false},"excerpt":{"rendered":"","protected":false},"author":1,"featured_media":1618,"parent":0,"menu_order":0,"comment_status":"closed","ping_status":"closed","template":"","meta":{"footnotes":""},"class_list":["post-290","page","type-page","status-publish","has-post-thumbnail","hentry"],"yoast_head":"<!-- This site is optimized with the Yoast SEO Premium plugin v27.5 (Yoast SEO v27.5) - https:\/\/yoast.com\/product\/yoast-seo-premium-wordpress\/ -->\n<title>Impianti fotovoltaici a Novara per aziende e privati | uSolar<\/title>\n<meta name=\"description\" content=\"Progettiamo e installiamo impianti fotovoltaici a Novara per aziende e privati. Soluzioni chiavi in mano, assistenza e manutenzione.\" \/>\n<meta name=\"robots\" content=\"index, follow, max-snippet:-1, max-image-preview:large, max-video-preview:-1\" \/>\n<link rel=\"canonical\" href=\"https:\/\/usolar.it\/fr\/\" \/>\n<meta property=\"og:locale\" content=\"fr_FR\" \/>\n<meta property=\"og:type\" content=\"article\" \/>\n<meta property=\"og:title\" content=\"Home\" \/>\n<meta property=\"og:description\" content=\"Progettiamo e installiamo impianti fotovoltaici a Novara per aziende e privati. Soluzioni chiavi in mano, assistenza e manutenzione.\" \/>\n<meta property=\"og:url\" content=\"https:\/\/usolar.it\/fr\/\" \/>\n<meta property=\"og:site_name\" content=\"uSolar\" \/>\n<meta property=\"article:publisher\" content=\"https:\/\/www.facebook.com\/usolaritalia\" \/>\n<meta property=\"article:modified_time\" content=\"2026-04-24T08:05:58+00:00\" \/>\n<meta property=\"og:image\" content=\"https:\/\/usolar.it\/wp-content\/uploads\/2025\/08\/Usolar-fotovoltaico-1024x683.png\" \/>\n\t<meta property=\"og:image:width\" content=\"1024\" \/>\n\t<meta property=\"og:image:height\" content=\"683\" \/>\n\t<meta property=\"og:image:type\" content=\"image\/png\" \/>\n<meta name=\"twitter:card\" content=\"summary_large_image\" \/>\n<meta name=\"twitter:label1\" content=\"Dur\u00e9e de lecture estim\u00e9e\" \/>\n\t<meta name=\"twitter:data1\" content=\"1 minute\" \/>\n<script type=\"application\/ld+json\" class=\"yoast-schema-graph\">{\"@context\":\"https:\\\/\\\/schema.org\",\"@graph\":[{\"@type\":\"WebPage\",\"@id\":\"https:\\\/\\\/usolar.it\\\/\",\"url\":\"https:\\\/\\\/usolar.it\\\/\",\"name\":\"Impianti fotovoltaici a Novara per aziende e privati | uSolar\",\"isPartOf\":{\"@id\":\"https:\\\/\\\/usolar.it\\\/#website\"},\"primaryImageOfPage\":{\"@id\":\"https:\\\/\\\/usolar.it\\\/#primaryimage\"},\"image\":{\"@id\":\"https:\\\/\\\/usolar.it\\\/#primaryimage\"},\"thumbnailUrl\":\"https:\\\/\\\/usolar.it\\\/wp-content\\\/uploads\\\/2025\\\/08\\\/Usolar-fotovoltaico.png\",\"datePublished\":\"2025-09-07T05:43:31+00:00\",\"dateModified\":\"2026-04-24T08:05:58+00:00\",\"description\":\"Progettiamo e installiamo impianti fotovoltaici a Novara per aziende e privati. Soluzioni chiavi in mano, assistenza e manutenzione.\",\"breadcrumb\":{\"@id\":\"https:\\\/\\\/usolar.it\\\/#breadcrumb\"},\"inLanguage\":\"fr-FR\",\"potentialAction\":[{\"@type\":\"ReadAction\",\"target\":[\"https:\\\/\\\/usolar.it\\\/\"]}]},{\"@type\":\"ImageObject\",\"inLanguage\":\"fr-FR\",\"@id\":\"https:\\\/\\\/usolar.it\\\/#primaryimage\",\"url\":\"https:\\\/\\\/usolar.it\\\/wp-content\\\/uploads\\\/2025\\\/08\\\/Usolar-fotovoltaico.png\",\"contentUrl\":\"https:\\\/\\\/usolar.it\\\/wp-content\\\/uploads\\\/2025\\\/08\\\/Usolar-fotovoltaico.png\",\"width\":1536,\"height\":1024,\"caption\":\"uSolar fotovoltaico\"},{\"@type\":\"BreadcrumbList\",\"@id\":\"https:\\\/\\\/usolar.it\\\/#breadcrumb\",\"itemListElement\":[{\"@type\":\"ListItem\",\"position\":1,\"name\":\"Home\",\"item\":\"https:\\\/\\\/usolar.it\\\/\"},{\"@type\":\"ListItem\",\"position\":2,\"name\":\"Home\"}]},{\"@type\":\"WebSite\",\"@id\":\"https:\\\/\\\/usolar.it\\\/#website\",\"url\":\"https:\\\/\\\/usolar.it\\\/\",\"name\":\"uSolar\",\"description\":\"\",\"publisher\":{\"@id\":\"https:\\\/\\\/usolar.it\\\/#organization\"},\"potentialAction\":[{\"@type\":\"SearchAction\",\"target\":{\"@type\":\"EntryPoint\",\"urlTemplate\":\"https:\\\/\\\/usolar.it\\\/?s={search_term_string}\"},\"query-input\":{\"@type\":\"PropertyValueSpecification\",\"valueRequired\":true,\"valueName\":\"search_term_string\"}}],\"inLanguage\":\"fr-FR\"},{\"@type\":[\"Organization\",\"Place\"],\"@id\":\"https:\\\/\\\/usolar.it\\\/#organization\",\"name\":\"uSolar\",\"url\":\"https:\\\/\\\/usolar.it\\\/\",\"logo\":{\"@id\":\"https:\\\/\\\/usolar.it\\\/#local-main-organization-logo\"},\"image\":{\"@id\":\"https:\\\/\\\/usolar.it\\\/#local-main-organization-logo\"},\"sameAs\":[\"https:\\\/\\\/www.facebook.com\\\/usolaritalia\",\"https:\\\/\\\/www.instagram.com\\\/usolar.it\"],\"address\":{\"@id\":\"https:\\\/\\\/usolar.it\\\/#local-main-place-address\"},\"geo\":{\"@type\":\"GeoCoordinates\",\"latitude\":\"45.4004991\",\"longitude\":\"8.7280575\"},\"telephone\":[\"0280887819\"],\"contactPoint\":{\"@type\":\"ContactPoint\",\"telephone\":\"0280887819\",\"email\":\"info@usolar.it\"},\"openingHoursSpecification\":[{\"@type\":\"OpeningHoursSpecification\",\"dayOfWeek\":[\"Monday\",\"Tuesday\",\"Wednesday\",\"Thursday\",\"Friday\",\"Saturday\",\"Sunday\"],\"opens\":\"09:00\",\"closes\":\"17:00\"}],\"email\":\"info@usolar.it\",\"vatID\":\"03892850128\"},{\"@type\":\"PostalAddress\",\"@id\":\"https:\\\/\\\/usolar.it\\\/#local-main-place-address\",\"streetAddress\":\"Via Primo Levi, 5, 28060 Sozzago NO\",\"addressLocality\":\"Sozzago\",\"postalCode\":\"28060\",\"addressRegion\":\"Novara\",\"addressCountry\":\"IT\"},{\"@type\":\"ImageObject\",\"inLanguage\":\"fr-FR\",\"@id\":\"https:\\\/\\\/usolar.it\\\/#local-main-organization-logo\",\"url\":\"https:\\\/\\\/usolar.it\\\/wp-content\\\/uploads\\\/2025\\\/09\\\/cropped-101549151_padded_logo-2022-12-03-05_47_46.png\",\"contentUrl\":\"https:\\\/\\\/usolar.it\\\/wp-content\\\/uploads\\\/2025\\\/09\\\/cropped-101549151_padded_logo-2022-12-03-05_47_46.png\",\"width\":512,\"height\":512,\"caption\":\"uSolar\"}]}<\/script>\n<meta name=\"geo.placename\" content=\"Sozzago\" \/>\n<meta name=\"geo.position\" content=\"45.4004991;8.7280575\" \/>\n<meta name=\"geo.region\" content=\"Italie\" \/>\n<!-- \/ Yoast SEO Premium plugin. -->","yoast_head_json":{"title":"Installations photovolta\u00efques \u00e0 Novara pour entreprises et particuliers | uSolar","description":"Nous concevons et installons des panneaux solaires \u00e0 Novare pour les entreprises et les particuliers. Solutions cl\u00e9s en main, assistance et maintenance.","robots":{"index":"index","follow":"follow","max-snippet":"max-snippet:-1","max-image-preview":"max-image-preview:large","max-video-preview":"max-video-preview:-1"},"canonical":"https:\/\/usolar.it\/fr\/","og_locale":"fr_FR","og_type":"article","og_title":"Home","og_description":"Progettiamo e installiamo impianti fotovoltaici a Novara per aziende e privati. Soluzioni chiavi in mano, assistenza e manutenzione.","og_url":"https:\/\/usolar.it\/fr\/","og_site_name":"uSolar","article_publisher":"https:\/\/www.facebook.com\/usolaritalia","article_modified_time":"2026-04-24T08:05:58+00:00","og_image":[{"width":1024,"height":683,"url":"https:\/\/usolar.it\/wp-content\/uploads\/2025\/08\/Usolar-fotovoltaico-1024x683.png","type":"image\/png"}],"twitter_card":"summary_large_image","twitter_misc":{"Dur\u00e9e de lecture estim\u00e9e":"1 minute"},"schema":{"@context":"https:\/\/schema.org","@graph":[{"@type":"WebPage","@id":"https:\/\/usolar.it\/","url":"https:\/\/usolar.it\/","name":"Installations photovolta\u00efques \u00e0 Novara pour entreprises et particuliers | uSolar","isPartOf":{"@id":"https:\/\/usolar.it\/#website"},"primaryImageOfPage":{"@id":"https:\/\/usolar.it\/#primaryimage"},"image":{"@id":"https:\/\/usolar.it\/#primaryimage"},"thumbnailUrl":"https:\/\/usolar.it\/wp-content\/uploads\/2025\/08\/Usolar-fotovoltaico.png","datePublished":"2025-09-07T05:43:31+00:00","dateModified":"2026-04-24T08:05:58+00:00","description":"Nous concevons et installons des panneaux solaires \u00e0 Novare pour les entreprises et les particuliers. Solutions cl\u00e9s en main, assistance et maintenance.","breadcrumb":{"@id":"https:\/\/usolar.it\/#breadcrumb"},"inLanguage":"fr-FR","potentialAction":[{"@type":"ReadAction","target":["https:\/\/usolar.it\/"]}]},{"@type":"ImageObject","inLanguage":"fr-FR","@id":"https:\/\/usolar.it\/#primaryimage","url":"https:\/\/usolar.it\/wp-content\/uploads\/2025\/08\/Usolar-fotovoltaico.png","contentUrl":"https:\/\/usolar.it\/wp-content\/uploads\/2025\/08\/Usolar-fotovoltaico.png","width":1536,"height":1024,"caption":"uSolar fotovoltaico"},{"@type":"BreadcrumbList","@id":"https:\/\/usolar.it\/#breadcrumb","itemListElement":[{"@type":"ListItem","position":1,"name":"Home","item":"https:\/\/usolar.it\/"},{"@type":"ListItem","position":2,"name":"Home"}]},{"@type":"WebSite","@id":"https:\/\/usolar.it\/#website","url":"https:\/\/usolar.it\/","name":"uSolaire","description":"","publisher":{"@id":"https:\/\/usolar.it\/#organization"},"potentialAction":[{"@type":"SearchAction","target":{"@type":"EntryPoint","urlTemplate":"https:\/\/usolar.it\/?s={search_term_string}"},"query-input":{"@type":"PropertyValueSpecification","valueRequired":true,"valueName":"search_term_string"}}],"inLanguage":"fr-FR"},{"@type":["Organization","Place"],"@id":"https:\/\/usolar.it\/#organization","name":"uSolaire","url":"https:\/\/usolar.it\/","logo":{"@id":"https:\/\/usolar.it\/#local-main-organization-logo"},"image":{"@id":"https:\/\/usolar.it\/#local-main-organization-logo"},"sameAs":["https:\/\/www.facebook.com\/usolaritalia","https:\/\/www.instagram.com\/usolar.it"],"address":{"@id":"https:\/\/usolar.it\/#local-main-place-address"},"geo":{"@type":"GeoCoordinates","latitude":"45.4004991","longitude":"8.7280575"},"telephone":["0280887819"],"contactPoint":{"@type":"ContactPoint","telephone":"0280887819","email":"info@usolar.it"},"openingHoursSpecification":[{"@type":"OpeningHoursSpecification","dayOfWeek":["Monday","Tuesday","Wednesday","Thursday","Friday","Saturday","Sunday"],"opens":"09:00","closes":"17:00"}],"email":"info@usolar.it","vatID":"03892850128"},{"@type":"PostalAddress","@id":"https:\/\/usolar.it\/#local-main-place-address","streetAddress":"Via Primo Levi, 5, 28060 Sozzago NO","addressLocality":"Sozzago","postalCode":"28060","addressRegion":"Novara","addressCountry":"IT"},{"@type":"ImageObject","inLanguage":"fr-FR","@id":"https:\/\/usolar.it\/#local-main-organization-logo","url":"https:\/\/usolar.it\/wp-content\/uploads\/2025\/09\/cropped-101549151_padded_logo-2022-12-03-05_47_46.png","contentUrl":"https:\/\/usolar.it\/wp-content\/uploads\/2025\/09\/cropped-101549151_padded_logo-2022-12-03-05_47_46.png","width":512,"height":512,"caption":"uSolar"}]},"geo.placename":"Sozzago","geo.position":{"lat":"45.4004991","long":"8.7280575"},"geo.region":"Italie"},"_links":{"self":[{"href":"https:\/\/usolar.it\/fr\/wp-json\/wp\/v2\/pages\/290","targetHints":{"allow":["GET"]}}],"collection":[{"href":"https:\/\/usolar.it\/fr\/wp-json\/wp\/v2\/pages"}],"about":[{"href":"https:\/\/usolar.it\/fr\/wp-json\/wp\/v2\/types\/page"}],"author":[{"embeddable":true,"href":"https:\/\/usolar.it\/fr\/wp-json\/wp\/v2\/users\/1"}],"replies":[{"embeddable":true,"href":"https:\/\/usolar.it\/fr\/wp-json\/wp\/v2\/comments?post=290"}],"version-history":[{"count":3,"href":"https:\/\/usolar.it\/fr\/wp-json\/wp\/v2\/pages\/290\/revisions"}],"predecessor-version":[{"id":1628,"href":"https:\/\/usolar.it\/fr\/wp-json\/wp\/v2\/pages\/290\/revisions\/1628"}],"wp:featuredmedia":[{"embeddable":true,"href":"https:\/\/usolar.it\/fr\/wp-json\/wp\/v2\/media\/1618"}],"wp:attachment":[{"href":"https:\/\/usolar.it\/fr\/wp-json\/wp\/v2\/media?parent=290"}],"curies":[{"name":"wp","href":"https:\/\/api.w.org\/{rel}","templated":true}]}}